{"id":928,"date":"2022-02-23T12:07:19","date_gmt":"2022-02-23T11:07:19","guid":{"rendered":"http:\/\/kimvanlife.com\/?page_id=928"},"modified":"2024-10-24T18:08:45","modified_gmt":"2024-10-24T16:08:45","slug":"anxiete-sociale-phobie-sociale","status":"publish","type":"page","link":"https:\/\/kimvanlife.com\/index.php\/anxiete-sociale-phobie-sociale\/","title":{"rendered":"Anxi\u00e9t\u00e9 sociale (ex-phobie sociale)"},"content":{"rendered":"\n<p><\/p>\n\n\n\n<ul class=\"wp-block-list\">\n<li><strong>Crit\u00e8res diagnostiques DSM 5 de l&#8217;ANXIETE SOCIALE : <\/strong><\/li>\n<\/ul>\n\n\n\n<p>A. Peur ou anxi\u00e9t\u00e9 intenses d\u2019une ou plusieurs situations sociales durant lesquelles le sujet est expos\u00e9 \u00e0 l\u2019\u00e9ventuelle observation attentive d\u2019autrui. Des exemples de situations incluent des interactions sociales (p. ex. avoir une conversation, rencontrer des personnes non famili\u00e8res), \u00eatre observ\u00e9 (p. ex. en train de manger ou boire) et des situations de performance (p. ex. faire un discours). <\/p>\n\n\n\n<p>B. La personne craint d\u2019agir ou de montrer des sympt\u00f4mes d\u2019anxi\u00e9t\u00e9 d\u2019une fa\u00e7on qui sera jug\u00e9e n\u00e9gativement (p. ex. humiliante ou embarrassante, conduisant \u00e0 un rejet par les autres ou \u00e0 les offenser). <\/p>\n\n\n\n<p>C. Les situations sociales provoquent presque toujours une peur ou une anxi\u00e9t\u00e9. <\/p>\n\n\n\n<p>D. Les situations sociales sont \u00e9vit\u00e9es ou subies avec une peur ou une anxi\u00e9t\u00e9 intenses. <\/p>\n\n\n\n<p>E. La peur ou l\u2019anxi\u00e9t\u00e9 sont disproportionn\u00e9es par rapport \u00e0 la menace r\u00e9elle pos\u00e9e par la situation sociale et compte tenu du contexte socioculturel. <\/p>\n\n\n\n<p>F. La peur, l\u2019anxi\u00e9t\u00e9 ou l\u2019\u00e9vitement sont persistants, durant habituellement 6 mois ou plus. <\/p>\n\n\n\n<p>G. La peur, l\u2019anxi\u00e9t\u00e9 ou l\u2019\u00e9vitement entra\u00eenent une d\u00e9tresse ou une alt\u00e9ration cliniquement significative du fonctionnement social, professionnel ou dans d\u2019autres domaines importants. <\/p>\n\n\n\n<p>H. La peur, l\u2019anxi\u00e9t\u00e9 ou l\u2019\u00e9vitement ne sont pas imputables aux effets physiologiques d\u2019une substance (p. ex. substance donnant lieu \u00e0 abus, m\u00e9dicament) ni \u00e0 une autre affection m\u00e9dicale. <\/p>\n\n\n\n<p>I. La peur, l\u2019anxi\u00e9t\u00e9 ou l\u2019\u00e9vitement ne sont pas mieux expliqu\u00e9s par les sympt\u00f4mes d\u2019un autre trouble mental tel qu\u2019un trouble panique, une obsession d\u2019une dysmorphie corporelle, un trouble du spectre de l\u2019autisme. <\/p>\n\n\n\n<p>J. Si une autre affection m\u00e9dicale (p. ex. maladie de Parkinson, ob\u00e9sit\u00e9, d\u00e9figurement secondaire \u00e0 une br\u00fblure ou une blessure) est pr\u00e9sente, la peur, l\u2019anxi\u00e9t\u00e9 ou l\u2019\u00e9vitement sont clairement non li\u00e9s \u00e0 cette affection ou excessifs. <\/p>\n\n\n\n<p><\/p>\n\n\n\n<p>L&#8217;anxi\u00e9t\u00e9 sociale ou phobie sociale peut \u00eatre \u00e9valu\u00e9e par l&#8217;<strong>Echelle d&#8217;anxi\u00e9t\u00e9 sociale de Liebowitz<\/strong>. <\/p>\n\n\n\n<p><\/p>\n\n\n\n<p><\/p>\n\n\n\n<p><\/p>\n","protected":false},"excerpt":{"rendered":"<p>A. Peur ou anxi\u00e9t\u00e9 intenses d\u2019une ou plusieurs situations sociales durant lesquelles le sujet est expos\u00e9 \u00e0 l\u2019\u00e9ventuelle observation attentive d\u2019autrui. Des exemples de situations incluent des interactions sociales (p. ex. avoir une conversation, rencontrer des personnes non famili\u00e8res), \u00eatre observ\u00e9 (p. ex. en train de manger ou boire) et des situations de performance (p. &hellip; <\/p>\n<p class=\"link-more\"><a href=\"https:\/\/kimvanlife.com\/index.php\/anxiete-sociale-phobie-sociale\/\" class=\"more-link\">Continue reading<span class=\"screen-reader-text\"> &#8220;Anxi\u00e9t\u00e9 sociale (ex-phobie sociale)&#8221;<\/span><\/a><\/p>\n","protected":false},"author":1,"featured_media":0,"parent":0,"menu_order":0,"comment_status":"open","ping_status":"closed","template":"","meta":{"footnotes":""},"class_list":["post-928","page","type-page","status-publish","hentry"],"_links":{"self":[{"href":"https:\/\/kimvanlife.com\/index.php\/wp-json\/wp\/v2\/pages\/928","targetHints":{"allow":["GET"]}}],"collection":[{"href":"https:\/\/kimvanlife.com\/index.php\/wp-json\/wp\/v2\/pages"}],"about":[{"href":"https:\/\/kimvanlife.com\/index.php\/wp-json\/wp\/v2\/types\/page"}],"author":[{"embeddable":true,"href":"https:\/\/kimvanlife.com\/index.php\/wp-json\/wp\/v2\/users\/1"}],"replies":[{"embeddable":true,"href":"https:\/\/kimvanlife.com\/index.php\/wp-json\/wp\/v2\/comments?post=928"}],"version-history":[{"count":18,"href":"https:\/\/kimvanlife.com\/index.php\/wp-json\/wp\/v2\/pages\/928\/revisions"}],"predecessor-version":[{"id":1924,"href":"https:\/\/kimvanlife.com\/index.php\/wp-json\/wp\/v2\/pages\/928\/revisions\/1924"}],"wp:attachment":[{"href":"https:\/\/kimvanlife.com\/index.php\/wp-json\/wp\/v2\/media?parent=928"}],"curies":[{"name":"wp","href":"https:\/\/api.w.org\/{rel}","templated":true}]}}