{"id":39,"date":"2019-11-02T23:18:30","date_gmt":"2019-11-02T22:18:30","guid":{"rendered":"http:\/\/kimvanlife.com\/?page_id=39"},"modified":"2026-03-22T09:38:10","modified_gmt":"2026-03-22T08:38:10","slug":"bienvenue-sur-mon-site-kimvanlife-com","status":"publish","type":"page","link":"https:\/\/kimvanlife.com\/","title":{"rendered":"Bienvenue  !\ud83c\udf39"},"content":{"rendered":"\n<p>Bonjour,<\/p>\n\n\n\n<p>Je suis Kim-V\u00e2n Nguyen-Dinh, <\/p>\n\n\n\n<p>Psychoth\u00e9rapeute, <\/p>\n\n\n\n<p>inscrite \u00e0 l&#8217;ARS (Agence R\u00e9gionale de Sant\u00e9),<\/p>\n\n\n\n<p>form\u00e9e \u00e0 la <strong>Th\u00e9rapie des Sch\u00e9mas<\/strong> de Jeffrey Young (Je r\u00e9invente ma vie),<\/p>\n\n\n\n<p>\u00e0 la <strong>Th\u00e9rapie Comportementale et Cognitive (TCC)<\/strong><\/p>\n\n\n\n<p>et \u00e0 <strong>l&#8217;EMDR<\/strong> (Eye Movement Desensitization and Reprocessing) , niveau 2 (psychotraumatisme simple ou complexe).<\/p>\n\n\n\n<p>Si vous souffrez de troubles psychiques ou psychologiques de type d\u00e9pression, anxi\u00e9t\u00e9, phobies li\u00e9s ou non \u00e0 des psychotraumatismes, je peux vous accompagner. <\/p>\n\n\n\n<p>Je vous propose une <strong>Psychoth\u00e9rapie <\/strong> empathique, chaleureuse et collaborative.<\/p>\n\n\n\n<p>Ensemble, nous verrons comment vous amener vers un mieux-\u00eatre.<\/p>\n\n\n\n<p>Tout en vous permettant de cheminer vers ce que vous d\u00e9sirez ou ce dont vous avez besoin, en respectant votre identit\u00e9 et votre rythme. <\/p>\n\n\n\n<p><strong>Le changement se fait gr\u00e2ce \u00e0 votre Engagement dans un travail collaboratif. <\/strong><\/p>\n\n\n\n<p><\/p>\n\n\n\n<ul class=\"wp-block-list\">\n<li>Je suis form\u00e9e \u00e0 la <strong>Th\u00e9rapie des Sch\u00e9mas<\/strong> (IFTS Institut de Formation \u00e0 la Th\u00e9rapie des Sch\u00e9mas) (Jeffrey Young). <\/li>\n<\/ul>\n\n\n\n<p>Adh\u00e9rente \u00e0 l&#8217;association IFTS.<\/p>\n\n\n\n<ul class=\"wp-block-list\">\n<li><strong style=\"font-size: 1rem;\">TCC (Th\u00e9rapie Comportemental et Cognitive) \u00e0 l&#8217;AFTCC<\/strong><span style=\"font-size: 1rem;\"> (Association Fran\u00e7aise de Th\u00e9rapie Cognitivo-Comportementaliste).<\/span> Formation pratique \u00e0 l&#8217;H\u00f4pital Sainte Anne.<\/li>\n<\/ul>\n\n\n\n<ul class=\"wp-block-list\">\n<li>Formation <strong>EMDR<\/strong> (IFEMDR) de niveau 2 avec supervisions en cours. Je peux vous aider \u00e0 retraiter des psycho traumatismes simples et complexes, des phobies, des souvenirs perturbants. <br>Adh\u00e9rente \u00e0 EMDR France.<\/li>\n<\/ul>\n\n\n\n<ul class=\"wp-block-list\">\n<li>Je suis suivie en supervision. <\/li>\n<\/ul>\n\n\n\n<ul class=\"wp-block-list\">\n<li>Membre de l&#8217;Association Fran\u00e7aise du Psychotraumatisme et de la R\u00e9silience (AFPR). Je suis r\u00e9guli\u00e8rement leurs webinaires de formation. <\/li>\n\n\n\n<li>Je suis \u00e9galement M\u00e9decin Radiologue. Dans ce cadre, les consultations ne peuvent pas \u00eatre prises en charge par la S\u00e9curit\u00e9 sociale.<\/li>\n<\/ul>\n\n\n\n<p><strong>Consultation individuelle Adulte<\/strong> de 45 minutes, de 80 Euros.<\/p>\n\n\n\n<p>En EMDR, un temps de consultation de une heure (105\u20ac) ou une heure trente (160\u20ac) peut vous \u00eatre propos\u00e9. <\/p>\n\n\n\n<p>En pr\u00e9sentiel au cabinet ou en visio.<\/p>\n\n\n\n<p><strong>-les lundis de 9-13H 14H-17H45<\/strong><\/p>\n\n\n\n<p><strong>au Centre de Psychoth\u00e9rapie Paris 11<\/strong><\/p>\n\n\n\n<p><strong>46 rue Trousseau 75011 Paris<\/strong><\/p>\n\n\n\n<p>! Entr\u00e9e entre les vitrines encadr\u00e9es de rouge,<\/p>\n\n\n\n<p>la porte verte est l\u2019entr\u00e9e pour les habitants.<\/p>\n\n\n\n<p>m\u00e9tro Ligne 8 Ledru-Rollin \/ Ligne 9 Charonne<\/p>\n\n\n\n<p><strong>-les jeudis de 9-13H 14H-17H45<\/strong><\/p>\n\n\n\n<p><strong>16 rue Vandrezanne 75013 Paris, Tour Jade<\/strong><\/p>\n\n\n\n<p>Code interphone gauche : <strong>A 049<\/strong> (A 045 \u00e7a sonne chez ma coll\u00e8gue Psychoth\u00e9rapeute).<\/p>\n\n\n\n<p>m\u00e9tro Place d&#8217;Italie lignes 5, 6 et 7 ou m\u00e9tro Tolbiac. <\/p>\n\n\n\n<p>Cabinet 4e \u00e9tage, \u00e0 droite en sortant de l\u2019ascenseur.<\/p>\n\n\n\n<p><\/p>\n\n\n\n<p><strong>Sur Rendez-vous au 06 23 45 01 10<\/strong><\/p>\n\n\n\n<p>kvnd2003@yahoo.fr<\/p>\n\n\n\n<p>Consultation de 45 mn,<\/p>\n\n\n\n<p><strong>80 Euros<\/strong>.<\/p>\n\n\n\n<p><strong>Paiement en virement, en esp\u00e8ces ou en ch\u00e8que.<\/strong><\/p>\n\n\n\n<p>Pas de lecteur de carte bancaire. <\/p>\n\n\n\n<p>Acte non rembours\u00e9 par la S\u00e9curit\u00e9 Sociale. <\/p>\n\n\n\n<p>\u00c9tant psychoth\u00e9rapeute et non psychologue, mes consultations ne rentrent pas dans le dispositif Mon soutien psy. <\/p>\n\n\n\n<p>Facture sur demande (voir avec la mutuelle pour un \u00e9ventuel remboursement des consultations de psychoth\u00e9rapie).<\/p>\n\n\n\n<div class=\"wp-block-group\"><div class=\"wp-block-group__inner-container is-layout-constrained wp-block-group-is-layout-constrained\">\n<p><strong>Merci de bien vouloir m&#8217;avertir<\/strong> <strong>72H (3 jours) \u00e0 l&#8217;avance en cas d&#8217;annulation de rendez-vous,<\/strong><\/p>\n\n\n\n<p><strong> de pr\u00e9f\u00e9rence par SMS<\/strong><\/p>\n\n\n\n<p>Plut\u00f4t que par t\u00e9l\u00e9phone, Whatsapp ou mail,<\/p>\n\n\n\n<p><strong>Dans le cas contraire, la consultation sera due. <\/strong><\/p>\n\n\n\n<p>Merci de votre compr\u00e9hension.<\/p>\n<\/div><\/div>\n\n\n\n<ul class=\"wp-block-list\">\n<li>Concernant le <strong>rythme des s\u00e9ances<\/strong>, il est pr\u00e9conis\u00e9 un rythme r\u00e9gulier d&#8217;une fois par semaine. Ou au minimum toutes les deux semaines pour obtenir des changements \u00e9valuables. <\/li>\n<\/ul>\n\n\n\n<p><\/p>\n","protected":false},"excerpt":{"rendered":"<p>Bonjour, Je suis Kim-V\u00e2n Nguyen-Dinh, Psychoth\u00e9rapeute, inscrite \u00e0 l&#8217;ARS (Agence R\u00e9gionale de Sant\u00e9), form\u00e9e \u00e0 la Th\u00e9rapie des Sch\u00e9mas de Jeffrey Young (Je r\u00e9invente ma vie), \u00e0 la Th\u00e9rapie Comportementale et Cognitive (TCC) et \u00e0 l&#8217;EMDR (Eye Movement Desensitization and Reprocessing) , niveau 2 (psychotraumatisme simple ou complexe). Si vous souffrez de troubles psychiques ou &hellip; <\/p>\n<p class=\"link-more\"><a href=\"https:\/\/kimvanlife.com\/\" class=\"more-link\">Continue reading<span class=\"screen-reader-text\"> &#8220;Bienvenue  !\ud83c\udf39&#8221;<\/span><\/a><\/p>\n","protected":false},"author":1,"featured_media":0,"parent":0,"menu_order":0,"comment_status":"open","ping_status":"closed","template":"","meta":{"footnotes":""},"class_list":["post-39","page","type-page","status-publish","hentry"],"_links":{"self":[{"href":"https:\/\/kimvanlife.com\/index.php\/wp-json\/wp\/v2\/pages\/39","targetHints":{"allow":["GET"]}}],"collection":[{"href":"https:\/\/kimvanlife.com\/index.php\/wp-json\/wp\/v2\/pages"}],"about":[{"href":"https:\/\/kimvanlife.com\/index.php\/wp-json\/wp\/v2\/types\/page"}],"author":[{"embeddable":true,"href":"https:\/\/kimvanlife.com\/index.php\/wp-json\/wp\/v2\/users\/1"}],"replies":[{"embeddable":true,"href":"https:\/\/kimvanlife.com\/index.php\/wp-json\/wp\/v2\/comments?post=39"}],"version-history":[{"count":194,"href":"https:\/\/kimvanlife.com\/index.php\/wp-json\/wp\/v2\/pages\/39\/revisions"}],"predecessor-version":[{"id":2424,"href":"https:\/\/kimvanlife.com\/index.php\/wp-json\/wp\/v2\/pages\/39\/revisions\/2424"}],"wp:attachment":[{"href":"https:\/\/kimvanlife.com\/index.php\/wp-json\/wp\/v2\/media?parent=39"}],"curies":[{"name":"wp","href":"https:\/\/api.w.org\/{rel}","templated":true}]}}