{"id":2338,"date":"2025-12-03T08:53:02","date_gmt":"2025-12-03T07:53:02","guid":{"rendered":"https:\/\/kimvanlife.com\/?page_id=2338"},"modified":"2025-12-03T08:53:02","modified_gmt":"2025-12-03T07:53:02","slug":"hypnose-ou-etat-modifie-de-conscience","status":"publish","type":"page","link":"https:\/\/kimvanlife.com\/index.php\/hypnose-ou-etat-modifie-de-conscience\/","title":{"rendered":"Hypnose ou Etat modifi\u00e9 de conscience"},"content":{"rendered":"\n<p>Je suis form\u00e9e depuis 2017 \u00e0 l&#8217;hypnose par l&#8217;\u00e9quipe m\u00e9dicale du Docteur Jean Becchio (Hypnodyssey).<\/p>\n\n\n\n<p>Parfois, les personnes craignent cette technique \u00e0 cause de ce qui est v\u00e9cu par ceux qui subissent l&#8217;hypnose de rue ou de spectacle. Je ne suis pas form\u00e9e \u00e0 cette technique. <\/p>\n\n\n\n<p>J&#8217;utilise l&#8217;hypnose pour aider les personnes \u00e0 r\u00e9guler leur trop plein d&#8217;\u00e9motions comme avec le Lieu s\u00fbr et le Contenant. Et aussi comme une technique d&#8217;imagerie qui permet \u00e0 la personne de &#8220;r\u00e9inventer une nouvelle vie&#8221;. Ce qui est un clin d&#8217;\u0153il pour ce best-seller de th\u00e9rapie et de d\u00e9veloppement personnel, que je recommande chaudement \u00e0 mes patients : <strong>Je r\u00e9invente ma vie <\/strong>de Jeffrey Young.   <\/p>\n\n\n\n<p>Je me rends compte de l&#8217;int\u00e9r\u00eat de cette pratique que j&#8217;avais mise de c\u00f4t\u00e9. Je pr\u00e9cise cependant que je ne suis pas hypnoth\u00e9rapeute. Ma pratique reste d&#8217;abord cognitive car le pourquoi de leurs comportements est une question centrale pour les patients. M\u00eame si certains pensent d\u00e9j\u00e0 savoir. <\/p>\n\n\n\n<p><\/p>\n","protected":false},"excerpt":{"rendered":"<p>Je suis form\u00e9e depuis 2017 \u00e0 l&#8217;hypnose par l&#8217;\u00e9quipe m\u00e9dicale du Docteur Jean Becchio (Hypnodyssey). Parfois, les personnes craignent cette technique \u00e0 cause de ce qui est v\u00e9cu par ceux qui subissent l&#8217;hypnose de rue ou de spectacle. Je ne suis pas form\u00e9e \u00e0 cette technique. J&#8217;utilise l&#8217;hypnose pour aider les personnes \u00e0 r\u00e9guler leur &hellip; <\/p>\n<p class=\"link-more\"><a href=\"https:\/\/kimvanlife.com\/index.php\/hypnose-ou-etat-modifie-de-conscience\/\" class=\"more-link\">Continue reading<span class=\"screen-reader-text\"> &#8220;Hypnose ou Etat modifi\u00e9 de conscience&#8221;<\/span><\/a><\/p>\n","protected":false},"author":1,"featured_media":0,"parent":0,"menu_order":0,"comment_status":"closed","ping_status":"closed","template":"","meta":{"footnotes":""},"class_list":["post-2338","page","type-page","status-publish","hentry"],"_links":{"self":[{"href":"https:\/\/kimvanlife.com\/index.php\/wp-json\/wp\/v2\/pages\/2338","targetHints":{"allow":["GET"]}}],"collection":[{"href":"https:\/\/kimvanlife.com\/index.php\/wp-json\/wp\/v2\/pages"}],"about":[{"href":"https:\/\/kimvanlife.com\/index.php\/wp-json\/wp\/v2\/types\/page"}],"author":[{"embeddable":true,"href":"https:\/\/kimvanlife.com\/index.php\/wp-json\/wp\/v2\/users\/1"}],"replies":[{"embeddable":true,"href":"https:\/\/kimvanlife.com\/index.php\/wp-json\/wp\/v2\/comments?post=2338"}],"version-history":[{"count":6,"href":"https:\/\/kimvanlife.com\/index.php\/wp-json\/wp\/v2\/pages\/2338\/revisions"}],"predecessor-version":[{"id":2346,"href":"https:\/\/kimvanlife.com\/index.php\/wp-json\/wp\/v2\/pages\/2338\/revisions\/2346"}],"wp:attachment":[{"href":"https:\/\/kimvanlife.com\/index.php\/wp-json\/wp\/v2\/media?parent=2338"}],"curies":[{"name":"wp","href":"https:\/\/api.w.org\/{rel}","templated":true}]}}