{"id":2267,"date":"2025-08-08T16:11:17","date_gmt":"2025-08-08T14:11:17","guid":{"rendered":"http:\/\/kimvanlife.com\/?page_id=2267"},"modified":"2025-08-08T16:11:17","modified_gmt":"2025-08-08T14:11:17","slug":"entre-deux-consultations-mes-actualites","status":"publish","type":"page","link":"https:\/\/kimvanlife.com\/index.php\/entre-deux-consultations-mes-actualites\/","title":{"rendered":"Entre deux consultations : Mes Actualit\u00e9s"},"content":{"rendered":"\n<figure class=\"wp-block-image size-full\"><img decoding=\"async\" src=\"http:\/\/kimvanlife.com\/wp-content\/uploads\/2025\/08\/Entre-deux-Consultations-1.png\" alt=\"\" class=\"wp-image-2269\"\/><\/figure>\n\n\n\n<p><strong>Premier Congr\u00e8s de Th\u00e9rapie des Sch\u00e9mas en France\u00a0, \u00e0  Paris !<\/strong><\/p>\n\n\n\n<p><a href=\"https:\/\/www.linkedin.com\/pulse\/premier-congr%25C3%25A8s-de-th%25C3%25A9rapie-des-sch%25C3%25A9mas-en-france-kim-v%25C3%25A2n-nguyen-dinh-bpe7f\">https:\/\/www.linkedin.com\/pulse\/premier-congr%25C3%25A8s-de-th%25C3%25A9rapie-des-sch%25C3%25A9mas-en-france-kim-v%25C3%25A2n-nguyen-dinh-bpe7f<\/a><\/p>\n\n\n\n<p><\/p>\n","protected":false},"excerpt":{"rendered":"<p>Premier Congr\u00e8s de Th\u00e9rapie des Sch\u00e9mas en France\u00a0, \u00e0 Paris ! https:\/\/www.linkedin.com\/pulse\/premier-congr%25C3%25A8s-de-th%25C3%25A9rapie-des-sch%25C3%25A9mas-en-france-kim-v%25C3%25A2n-nguyen-dinh-bpe7f<\/p>\n","protected":false},"author":1,"featured_media":0,"parent":0,"menu_order":0,"comment_status":"closed","ping_status":"closed","template":"","meta":{"footnotes":""},"class_list":["post-2267","page","type-page","status-publish","hentry"],"_links":{"self":[{"href":"https:\/\/kimvanlife.com\/index.php\/wp-json\/wp\/v2\/pages\/2267","targetHints":{"allow":["GET"]}}],"collection":[{"href":"https:\/\/kimvanlife.com\/index.php\/wp-json\/wp\/v2\/pages"}],"about":[{"href":"https:\/\/kimvanlife.com\/index.php\/wp-json\/wp\/v2\/types\/page"}],"author":[{"embeddable":true,"href":"https:\/\/kimvanlife.com\/index.php\/wp-json\/wp\/v2\/users\/1"}],"replies":[{"embeddable":true,"href":"https:\/\/kimvanlife.com\/index.php\/wp-json\/wp\/v2\/comments?post=2267"}],"version-history":[{"count":2,"href":"https:\/\/kimvanlife.com\/index.php\/wp-json\/wp\/v2\/pages\/2267\/revisions"}],"predecessor-version":[{"id":2275,"href":"https:\/\/kimvanlife.com\/index.php\/wp-json\/wp\/v2\/pages\/2267\/revisions\/2275"}],"wp:attachment":[{"href":"https:\/\/kimvanlife.com\/index.php\/wp-json\/wp\/v2\/media?parent=2267"}],"curies":[{"name":"wp","href":"https:\/\/api.w.org\/{rel}","templated":true}]}}