{"id":2060,"date":"2025-01-15T08:31:39","date_gmt":"2025-01-15T07:31:39","guid":{"rendered":"https:\/\/kimvanlife.com\/?page_id=2060"},"modified":"2026-03-22T09:51:06","modified_gmt":"2026-03-22T08:51:06","slug":"emdr","status":"publish","type":"page","link":"https:\/\/kimvanlife.com\/index.php\/emdr\/","title":{"rendered":"EMDR (Eye Movement Desensitization and Reprocessing)"},"content":{"rendered":"\n<p>Je suis form\u00e9e \u00e0 l&#8217;EMDR \u00e0 l&#8217;IFEMDR, au niveaux 1 et 2. Cela me permet de vous proposer cette technique en cas de psychotraumatisme simple et complexe.<\/p>\n\n\n\n<p>La th\u00e9rapie par EMDR d\u00e9bute par une bonne anamn\u00e8se (interrogatoire clinique sur les sympt\u00f4mes et votre histoire de vie) et s&#8217;il n&#8217;y a pas de contre-indication av\u00e9r\u00e9e, nous pourrons alors passer au plan de ciblage.<\/p>\n\n\n\n<p>L&#8217;EMDR se passe sur 3 temps : le pass\u00e9, le pr\u00e9sent, le futur.<\/p>\n\n\n\n<p><strong>Les huit phases de l&#8217;EMDR<\/strong><\/p>\n\n\n\n<p>Le protocole se d\u00e9roule en 8 phases : anamn\u00e8se (histoire du ou des sympt\u00f4mes, histoire de vie, diagnostic sur le plan psychologique, recherche des contre-indications, des \u00e9ventuels blocages et d\u00e9fenses psychologiques, plan de traitement, plan de ciblage), pr\u00e9paration (stabilisation \u00e9motionnelle), \u00e9valuation , d\u00e9sensibilisation (SBA : stimulations bilat\u00e9rales altern\u00e9s qui sont oculaires ou par tapotements), installation, scanner corporel, cl\u00f4ture, r\u00e9\u00e9valuation.<\/p>\n\n\n\n<p>C&#8217;est en 1987 que l&#8217;EMDR (Eye Movement Desensitization and Reprocessing ou \u00ab d\u00e9sensibilisation et retraitement par les mouvements oculaires \u00bb) est d\u00e9couvert par la psychologue am\u00e9ricaine, Francine Shapiro.<\/p>\n\n\n\n<p>Elle d\u00e9veloppera \u00e0 partir des ann\u00e9es 90 des \u00e9tudes scientifiques, qui font qu&#8217;aujourd\u2019hui l&#8217;EMDR est recommand\u00e9 en cas de Psychotraumatisme (OMS Organisation Mondiale de la Sant\u00e9).<\/p>\n\n\n\n<p>En EMDR, un temps de consultation de une heure (105\u20ac) ou une heure trente (160\u20ac) peut vous \u00eatre \u00e9galement propos\u00e9.<\/p>\n\n\n\n<p><\/p>\n\n\n\n<p><\/p>\n","protected":false},"excerpt":{"rendered":"<p>Je suis form\u00e9e \u00e0 l&#8217;EMDR \u00e0 l&#8217;IFEMDR, au niveaux 1 et 2. Cela me permet de vous proposer cette technique en cas de psychotraumatisme simple et complexe. La th\u00e9rapie par EMDR d\u00e9bute par une bonne anamn\u00e8se (interrogatoire clinique sur les sympt\u00f4mes et votre histoire de vie) et s&#8217;il n&#8217;y a pas de contre-indication av\u00e9r\u00e9e, nous &hellip; <\/p>\n<p class=\"link-more\"><a href=\"https:\/\/kimvanlife.com\/index.php\/emdr\/\" class=\"more-link\">Continue reading<span class=\"screen-reader-text\"> &#8220;EMDR (Eye Movement Desensitization and Reprocessing)&#8221;<\/span><\/a><\/p>\n","protected":false},"author":1,"featured_media":0,"parent":0,"menu_order":0,"comment_status":"closed","ping_status":"closed","template":"","meta":{"footnotes":""},"class_list":["post-2060","page","type-page","status-publish","hentry"],"_links":{"self":[{"href":"https:\/\/kimvanlife.com\/index.php\/wp-json\/wp\/v2\/pages\/2060","targetHints":{"allow":["GET"]}}],"collection":[{"href":"https:\/\/kimvanlife.com\/index.php\/wp-json\/wp\/v2\/pages"}],"about":[{"href":"https:\/\/kimvanlife.com\/index.php\/wp-json\/wp\/v2\/types\/page"}],"author":[{"embeddable":true,"href":"https:\/\/kimvanlife.com\/index.php\/wp-json\/wp\/v2\/users\/1"}],"replies":[{"embeddable":true,"href":"https:\/\/kimvanlife.com\/index.php\/wp-json\/wp\/v2\/comments?post=2060"}],"version-history":[{"count":47,"href":"https:\/\/kimvanlife.com\/index.php\/wp-json\/wp\/v2\/pages\/2060\/revisions"}],"predecessor-version":[{"id":2439,"href":"https:\/\/kimvanlife.com\/index.php\/wp-json\/wp\/v2\/pages\/2060\/revisions\/2439"}],"wp:attachment":[{"href":"https:\/\/kimvanlife.com\/index.php\/wp-json\/wp\/v2\/media?parent=2060"}],"curies":[{"name":"wp","href":"https:\/\/api.w.org\/{rel}","templated":true}]}}