{"id":1984,"date":"2024-12-30T14:47:31","date_gmt":"2024-12-30T13:47:31","guid":{"rendered":"https:\/\/kimvanlife.com\/?page_id=1984"},"modified":"2025-03-31T20:56:19","modified_gmt":"2025-03-31T18:56:19","slug":"mon-bureau-de-consultation-dans-le-11e","status":"publish","type":"page","link":"https:\/\/kimvanlife.com\/index.php\/mon-bureau-de-consultation-dans-le-11e\/","title":{"rendered":"Mon bureau de consultation dans le 11e"},"content":{"rendered":"\n<p>Je vous re\u00e7ois les lundis de 9H \u00e0 13H et de 14H \u00e0 17H50, dans mon bureau situ\u00e9 au 46 rue Trousseau dans le 11e \u00e0 Paris. Rez-de-chauss\u00e9e, la devanture du Centre de Psychoth\u00e9rapie Paris 11 est rouge.<\/p>\n\n\n\n<figure class=\"wp-block-image size-large\"><img loading=\"lazy\" decoding=\"async\" width=\"1024\" height=\"768\" src=\"https:\/\/kimvanlife.com\/wp-content\/uploads\/2025\/03\/1000013853-1024x768.jpg\" alt=\"\" class=\"wp-image-2181\" srcset=\"https:\/\/kimvanlife.com\/wp-content\/uploads\/2025\/03\/1000013853-1024x768.jpg 1024w, https:\/\/kimvanlife.com\/wp-content\/uploads\/2025\/03\/1000013853-300x225.jpg 300w, https:\/\/kimvanlife.com\/wp-content\/uploads\/2025\/03\/1000013853-768x576.jpg 768w, https:\/\/kimvanlife.com\/wp-content\/uploads\/2025\/03\/1000013853-1536x1152.jpg 1536w, https:\/\/kimvanlife.com\/wp-content\/uploads\/2025\/03\/1000013853-2048x1536.jpg 2048w\" sizes=\"auto, (max-width: 767px) 89vw, (max-width: 1000px) 54vw, (max-width: 1071px) 543px, 580px\" \/><\/figure>\n\n\n\n<figure class=\"wp-block-image size-large\"><img loading=\"lazy\" decoding=\"async\" width=\"768\" height=\"1024\" src=\"https:\/\/kimvanlife.com\/wp-content\/uploads\/2024\/12\/1000008391-768x1024.jpg\" alt=\"\" class=\"wp-image-1985\" srcset=\"https:\/\/kimvanlife.com\/wp-content\/uploads\/2024\/12\/1000008391-768x1024.jpg 768w, https:\/\/kimvanlife.com\/wp-content\/uploads\/2024\/12\/1000008391-225x300.jpg 225w, https:\/\/kimvanlife.com\/wp-content\/uploads\/2024\/12\/1000008391-1152x1536.jpg 1152w, https:\/\/kimvanlife.com\/wp-content\/uploads\/2024\/12\/1000008391-1536x2048.jpg 1536w, https:\/\/kimvanlife.com\/wp-content\/uploads\/2024\/12\/1000008391-scaled.jpg 1920w\" sizes=\"auto, (max-width: 767px) 89vw, (max-width: 1000px) 54vw, (max-width: 1071px) 543px, 580px\" \/><\/figure>\n\n\n\n<figure class=\"wp-block-image size-large\"><img loading=\"lazy\" decoding=\"async\" width=\"768\" height=\"1024\" src=\"https:\/\/kimvanlife.com\/wp-content\/uploads\/2024\/12\/1000008392-768x1024.jpg\" alt=\"\" class=\"wp-image-1986\" srcset=\"https:\/\/kimvanlife.com\/wp-content\/uploads\/2024\/12\/1000008392-768x1024.jpg 768w, https:\/\/kimvanlife.com\/wp-content\/uploads\/2024\/12\/1000008392-225x300.jpg 225w, https:\/\/kimvanlife.com\/wp-content\/uploads\/2024\/12\/1000008392-1152x1536.jpg 1152w, https:\/\/kimvanlife.com\/wp-content\/uploads\/2024\/12\/1000008392-1536x2048.jpg 1536w, https:\/\/kimvanlife.com\/wp-content\/uploads\/2024\/12\/1000008392-scaled.jpg 1920w\" sizes=\"auto, (max-width: 767px) 89vw, (max-width: 1000px) 54vw, (max-width: 1071px) 543px, 580px\" \/><\/figure>\n\n\n\n<p>Vous pourrez sonner \u00e0 l&#8217;interphone et une fois rentr\u00e9(e) dans le hall, une salle d&#8217;attente au rez-de-chauss\u00e9e vous attend. Il y a des toilettes \u00e0 votre disposition.<\/p>\n\n\n\n<p>La salle de consultation n&#8217;a pas de fen\u00eatre mais est cosy et intime, pr\u00e9servant la confidentialit\u00e9 de nos \u00e9changes.<\/p>\n\n\n\n<p><\/p>\n","protected":false},"excerpt":{"rendered":"<p>Je vous re\u00e7ois les lundis de 9H \u00e0 13H et de 14H \u00e0 17H50, dans mon bureau situ\u00e9 au 46 rue Trousseau dans le 11e \u00e0 Paris. Rez-de-chauss\u00e9e, la devanture du Centre de Psychoth\u00e9rapie Paris 11 est rouge. Vous pourrez sonner \u00e0 l&#8217;interphone et une fois rentr\u00e9(e) dans le hall, une salle d&#8217;attente au rez-de-chauss\u00e9e &hellip; <\/p>\n<p class=\"link-more\"><a href=\"https:\/\/kimvanlife.com\/index.php\/mon-bureau-de-consultation-dans-le-11e\/\" class=\"more-link\">Continue reading<span class=\"screen-reader-text\"> &#8220;Mon bureau de consultation dans le 11e&#8221;<\/span><\/a><\/p>\n","protected":false},"author":1,"featured_media":0,"parent":0,"menu_order":0,"comment_status":"closed","ping_status":"closed","template":"","meta":{"footnotes":""},"class_list":["post-1984","page","type-page","status-publish","hentry"],"_links":{"self":[{"href":"https:\/\/kimvanlife.com\/index.php\/wp-json\/wp\/v2\/pages\/1984","targetHints":{"allow":["GET"]}}],"collection":[{"href":"https:\/\/kimvanlife.com\/index.php\/wp-json\/wp\/v2\/pages"}],"about":[{"href":"https:\/\/kimvanlife.com\/index.php\/wp-json\/wp\/v2\/types\/page"}],"author":[{"embeddable":true,"href":"https:\/\/kimvanlife.com\/index.php\/wp-json\/wp\/v2\/users\/1"}],"replies":[{"embeddable":true,"href":"https:\/\/kimvanlife.com\/index.php\/wp-json\/wp\/v2\/comments?post=1984"}],"version-history":[{"count":3,"href":"https:\/\/kimvanlife.com\/index.php\/wp-json\/wp\/v2\/pages\/1984\/revisions"}],"predecessor-version":[{"id":2182,"href":"https:\/\/kimvanlife.com\/index.php\/wp-json\/wp\/v2\/pages\/1984\/revisions\/2182"}],"wp:attachment":[{"href":"https:\/\/kimvanlife.com\/index.php\/wp-json\/wp\/v2\/media?parent=1984"}],"curies":[{"name":"wp","href":"https:\/\/api.w.org\/{rel}","templated":true}]}}